{"id":48111,"date":"2018-11-16T12:05:17","date_gmt":"2018-11-16T12:05:17","guid":{"rendered":"https:\/\/www.carsoutlet.lv\/?page_id=48111"},"modified":"2026-03-02T14:36:32","modified_gmt":"2026-03-02T12:36:32","slug":"politika-konfidentsialnosti","status":"publish","type":"page","link":"https:\/\/percunbrauc.lv\/ru\/politika-konfidentsialnosti\/","title":{"rendered":"\u041f\u041e\u041b\u0418\u0422\u0418\u041a\u0410 \u041a\u041e\u041d\u0424\u0418\u0414\u0415\u041d\u0426\u0418\u0410\u041b\u042c\u041d\u041e\u0421\u0422\u0418"},"content":{"rendered":"<p>M\u0113s, SIA \u201cRKG Group\u201d, r\u016bp\u0113jamies par savu Klientu datu dro\u0161\u012bbu un konfidencialit\u0101ti. L\u012bdz ar to m\u0113s izstr\u0101d\u0101j\u0101m Priv\u0101tuma politiku. Pie\u0146emam, ka gad\u012bjum\u0101, ja las\u0101t \u0161o Politiku saist\u012bb\u0101 ar piekri\u0161anu, kura ir piepras\u012bta no Jums saist\u012bb\u0101 ar J\u016bsu personas datu apstr\u0101di, pirms savu\u00a0 personu datu iesnieg\u0161anas esat izlas\u012bju\u0161i \u0161o pazi\u0146ojumu un esat akcept\u0113ju\u0161i \u0161o datu apstr\u0101di.<\/p>\n<p><strong>Priv\u0101tuma politikas m\u0113r\u0137is.<\/strong><\/p>\n<p>Politikas m\u0113r\u0137is ir, iev\u0113rojot personas datu apstr\u0101des principus, kas iek\u013cauti Eiropas Parlamenta un Padomes 2016. gada 27. apr\u012b\u013ca Regul\u0101 Nr. 2016\/679 par fizisku personu aizsardz\u012bbu attiec\u012bb\u0101 uz personas datu apstr\u0101di un \u0161\u0101du datu br\u012bvu apriti (Visp\u0101r\u012bg\u0101 datu aizsardz\u012bbas regul\u0101) (turpm\u0101k \u2013 VDAR), sniegt fiziskajai personai &#8211; datu subjektam, inform\u0101ciju par personas datu apstr\u0101des nol\u016bku, apjomu, aizsardz\u012bbu un apstr\u0101des termi\u0146u datu ieg\u016b\u0161anas laik\u0101 un apstr\u0101d\u0101jot datu subjekta personas datus.<\/p>\n<p><strong>Personas datu p\u0101rzinis.<\/strong><\/p>\n<p>J\u016bsu personas datu p\u0101rzinis ir SIA \u201cRKG Group\u201d, re\u0123.Nr. 40203133007, juridisk\u0101 adrese: Ozolkalnu iela 13 \u2013 1, R\u012bga, LV-1024, e-pasta adrese: <a href=\"mailto:info@percunbrauc.lv\">info@percunbrauc.lv<\/a>.<\/p>\n<p><strong>K\u0101dus personas datus m\u0113s apstr\u0101d\u0101jam?<\/strong><\/p>\n<p>Personas identifik\u0101cijas dati (piem., v\u0101rds, uzv\u0101rds, personas kods, dzim\u0161anas datums, sazi\u0146as valoda, dati par personu apliecino\u0161iem dokumentiem, attiec\u012bbas ar tre\u0161aj\u0101m person\u0101m un tml.);<\/p>\n<p>Kontaktinform\u0101cija (piem., adrese, elektronisk\u0101 pasta adrese, t\u0101lru\u0146a numurs un tml.);<\/p>\n<p>Ar transportl\u012bdzekli saist\u012btie dati (piem., re\u0123istr\u0101cijas numurs, \u0161asijas numurs, marka, modelis, gads, kr\u0101sa, \u012bpa\u0161nieka dati, lietot\u0101ja dati, sodi un tml.);<\/p>\n<p>Profesion\u0101lie dati (piem., izgl\u012bt\u012bba, darbavieta, nodarbo\u0161an\u0101s un tml.);<\/p>\n<p>Finan\u0161u inform\u0101cija (piem., inform\u0101cija par saist\u012bb\u0101m, ien\u0101kumiem vai citu mantu, maks\u0101jumu discipl\u012bnu, apg\u0101d\u0101jamajiem un tml.);<\/p>\n<p>Dati par naudas l\u012bdzek\u013cu izcelsmi (piem., inform\u0101cija par darba dev\u0113ju, dar\u012bjumu partneriem, uz\u0146\u0113m\u0113jdarb\u012bbu, bankas konta izraksti, vai citi dati kas \u013cauj veikt Klienta izp\u0113tes pas\u0101kumus saist\u012bb\u0101 ar noziedz\u012bgi ieg\u016btu l\u012bdzek\u013cu legaliz\u0101cijas un terorisma finans\u0113\u0161anas nov\u0113r\u0161anu un p\u0101rliecin\u0101ties par to, vai Klients ir politiski noz\u012bm\u012bga persona un tml.);<\/p>\n<p>Dati par apst\u0101k\u013ciem saist\u012bb\u0101 ar saist\u012bbu izpildi (piem., inform\u0101cija par ar Klientu nosl\u0113gtajiem un izbeigtajiem l\u012bgumiem, inform\u0101cija par l\u012bgumu izpildi, neizpildi vai p\u0101rk\u0101pumiem, Klienta iesniegtajiem pieteikumi, piepras\u012bjumi un s\u016bdz\u012bb\u0101m, intereses, pakalpojumu maksas un tml.).<\/p>\n<p>Videonov\u0113ro\u0161anas dati \u2013 tirdzniec\u012bbas viet\u0101 tiek veikta videonov\u0113ro\u0161ana ar m\u0113r\u0137i: noziedz\u012bgu nodar\u012bjumu nov\u0113r\u0161ana vai atkl\u0101\u0161ana saist\u012bb\u0101 ar \u012bpa\u0161uma aizsardz\u012bbu. Pirms nok\u013c\u016b\u0161anas videonov\u0113ro\u0161anas zon\u0101 ir uzst\u0101d\u012bta br\u012bdin\u0101juma z\u012bme un ir izstr\u0101d\u0101tas iek\u0161\u0113j\u0101s vadl\u012bnijas videonov\u0113ro\u0161an\u0101 un datu apstr\u0101d\u0113.<\/p>\n<p><strong>K\u0101 m\u0113s izmantojam personas datus?<\/strong><\/p>\n<p>M\u0113s izmantojam J\u016bsu datus, le\u0123it\u012bmo intere\u0161u un normat\u012bvo aktu pras\u012bbu izpildei \u2013 J\u016bsu identifik\u0101cijai, l\u012bgumu sagatavo\u0161anai un l\u012bzinga noform\u0113\u0161anai, k\u0101 ar\u012b gr\u0101matved\u012bbas un m\u0101rketinga vajadz\u012bb\u0101m. Datu apstr\u0101de tiek veikta konkr\u0113tiem m\u0113r\u0137iem un tikai saska\u0146\u0101 ar tiem. Atsevi\u0161kiem m\u0113r\u0137iem, k\u0101, komerci\u0101la pazi\u0146ojuma nos\u016bt\u012b\u0161ana, tiek pras\u012bta J\u016bsu piekri\u0161ana. P\u0113c komerci\u0101la pazi\u0146ojuma sa\u0146em\u0161anas ir iesp\u0113jams atrakst\u012bties no turpm\u0101ko pazi\u0146ojumu sa\u0146em\u0161anas. Jaut\u0101jumu vai tehnisku probl\u0113mu gad\u012bjum\u0101, l\u016bdzu, rakstiet uz e-pastu info@percunbrauc.lv.<\/p>\n<p><strong>Kam m\u0113s nododam personas datus?<\/strong><\/p>\n<p>Mums r\u016bp J\u016bsu priv\u0101tums, t\u0101p\u0113c J\u016bsu personas dati nek\u0101d\u0101 gad\u012bjum\u0101 netiks izpausti vai p\u0101rdoti tre\u0161aj\u0101m person\u0101m m\u0113r\u0137iem, kas nav min\u0113ti \u0161aj\u0101 politik\u0101. J\u016bsu personas dati var tikt nodoti uzticamiem partneriem, kas sniedz konkr\u0113tus pakalpojumus.<\/p>\n<p>Uz\u0146emums ir nosl\u0113dzis l\u012bgumus ar sekojo\u0161\u0101m komp\u0101nijam:<\/p>\n<ul>\n<li>AS MOGO<\/li>\n<li>AS Primero Finance<\/li>\n<li>AS Bigbank<\/li>\n<li>SIA Inbank Latvia<\/li>\n<li>AS MC Finance<\/li>\n<li>SIA Aizdevums.lv<\/li>\n<li>SIA Current auto<\/li>\n<li>SIA Finto Capital<\/li>\n<li>TF Bank AB<\/li>\n<li>SIA Watu Auto<\/li>\n<li>SIA Nordic Finance<\/li>\n<li>AS Multitude Bank p.l.c<\/li>\n<li>SIA Holm Bank Latvia<\/li>\n<li>SIA eLizings.lv<\/li>\n<\/ul>\n<p>Komp\u0101nijas sa\u0146em un sniedz inform\u0101ciju par J\u016bsu saist\u012bb\u0101m licenc\u0113tu par\u0101du piedzi\u0146as uz\u0146\u0113mumu: \u201eCreditreform Latvia SIA\u201c un \u201ePausConsults SIA\u201c datub\u0101z\u0113s, kam ir likum\u0101 noteiktas ties\u012bbas izpaust sniegto inform\u0101ciju tre\u0161aj\u0101m person\u0101m maks\u0101tsp\u0113jas izv\u0113rt\u0113\u0161anas vajadz\u012bb\u0101m.<\/p>\n<p>J\u016bsu dati var tikt nodoti kred\u012btiest\u0101d\u0113m un finan\u0161u instit\u016bcij\u0101m, tre\u0161aj\u0101m pus\u0113m, kuras uztur re\u0123istrus \u2013 kred\u012btu re\u0123istrus, k\u0101 ar\u012b AS Kred\u012btform\u0101cijas birojs, AS CREFO Birojs, Valsts Ie\u0146\u0113mumu dienest\u0101, Valsts soci\u0101l\u0101s apdro\u0161in\u0101\u0161anas a\u0123ent\u016br\u0101.<\/p>\n<p>J\u016bsu personas dati var tikt nodoti uzticam\u0101m tre\u0161\u0101m person\u0101m pakalpojumu snieg\u0161anai p\u0113c J\u016bsu izr\u0101d\u012btas v\u0113lmes vai piekri\u0161anas (piem\u0113ram, apdro\u0161in\u0101\u0161anas brokeri, l\u012bzinga komp\u0101nijas, partneri, ar kuriem ir nosl\u0113gts sadarb\u012bbas l\u012bgums un nodotas automa\u0161\u012bnas komisijas tirdzniec\u012bb\u0101, utt.).<\/p>\n<p>Dati var tikt izsniegti ties\u012bbsarg\u0101jo\u0161\u0101m iest\u0101d\u0113m, pamatojoties uz kompetentas valsts amatpersonas piepras\u012bjumu, k\u0101 ar\u012b mums ir pien\u0101kums izpaust klientu inform\u0101ciju ties\u012bbsarg\u0101jo\u0161aj\u0101m iest\u0101d\u0113m, ja ir radu\u0161\u0101s aizdomas par noziedz\u012bgu darb\u012bbu.<\/p>\n<p>Personas dati netiek nodoti uz tre\u0161aj\u0101m valst\u012bm (valstis, kuras nav ES un\/vai EEZ valstis).<\/p>\n<p><strong>K\u0101 m\u0113s uzglab\u0101jam personas datus?<\/strong><\/p>\n<p>Personas dati tiek apstr\u0101d\u0101ti Latvij\u0101 un netiek nos\u016bt\u012bti \u0101rpus Eiropas Savien\u012bbas vai Eiropas Ekonomikas zonas. M\u0113s esam veiku\u0161i sapr\u0101t\u012bgus pas\u0101kumus, lai saglab\u0101tu personas datu pareiz\u012bbu un precizit\u0101ti, k\u0101 ar\u012b lai nodro\u0161in\u0101tu datu dro\u0161\u012bbu. \u0160iem m\u0113r\u0137iem izmantotas da\u017e\u0101das m\u016bsdienas tehnolo\u0123ijas un dro\u0161\u012bbas programmas da\u017e\u0101dos l\u012bme\u0146os, k\u0101 ar\u012b tiek nodro\u0161in\u0101tas darbinieku apm\u0101c\u012bbas.<\/p>\n<p>J\u016bsu person\u012bgie dati tiek glab\u0101ti no br\u012b\u017ea, kad J\u016bs aizs\u016btiet l\u012bzinga pieteikumu un 30 dienas p\u0113c l\u012bzinga noform\u0113\u0161anas. P\u0113c 30 dien\u0101m, detaliz\u0113ti dati par Jums tiek izdz\u0113sti, iz\u0146emot kontaktinform\u0101ciju (v\u0101rds, uzv\u0101rds, e-pasts, t\u0101lru\u0146a numurs). M\u0113s esam ties\u012bgi glab\u0101t j\u016bsu personas datus, ja tas nepiecie\u0161ams, lai izpild\u012btu mums saisto\u0161o tiesisko pien\u0101kumu izpildi, k\u0101 ar\u012b, ja tas nepiecie\u0161ams, lai aizsarg\u0101tu j\u016bsu vai citu personu vit\u0101l\u0101s intereses.<\/p>\n<p>Person\u012bgo datu v\u0101k\u0161anai, uzglab\u0101\u0161anai un apstr\u0101dei tiek pielietoti dro\u0161\u012bbas pas\u0101kumi pret nesankcion\u0113tu piek\u013cuvi. Operatoru ier\u012bces ir aizsarg\u0101tas, potenci\u0101lo klientu personas dati tiek uzglab\u0101ti CRM sist\u0113m\u0101.<\/p>\n<p><strong>K\u0101 ieg\u016bt pieeju J\u016bsu personas datiem?<\/strong><\/p>\n<p>Jums ir ties\u012bbas p\u0101rbaud\u012bt jebk\u0101dus ar sevi saist\u012btus datus, piepras\u012bt izlabot, dz\u0113st vai papildin\u0101t nepareizi nor\u0101d\u012btos datus, aizliegt izmantot savus datus m\u0113r\u0137iem, kas nav saist\u012bti ar l\u012bzinga pakalpojumu snieg\u0161anu, k\u0101 ar\u012b citas normat\u012bvajos aktos paredz\u0113t\u0101s datu subjekta ties\u012bbas. Piekr\u012btot J\u016bsu personas datu apstr\u0101dei konkr\u0113tam m\u0113r\u0137im, Jums ir ties\u012bbas jebkur\u0101 br\u012bd\u012b main\u012bt viedokli un piekri\u0161anu atsaukt, ja datu apstr\u0101de notiek pamatojoties uz J\u016bsu sniegtu piekri\u0161anu, ta\u010du tas neietekm\u0113s apstr\u0101des, kas jau b\u016bs veiktas. Ja m\u0113s apstr\u0101d\u0101jam J\u016bsu personas datus pamatojoties uz likum\u012bg\u0101m interes\u0113m, Jums ir ties\u012bbas iebilst pret \u0161o datu apstr\u0101di, lai gan da\u017eos gad\u012bjumos tas var noz\u012bm\u0113t, ka m\u016bsu pakalpojums Jums vairs neb\u016bs pieejams.<\/p>\n<p>Ja Jums ir radu\u0161ies k\u0101di jaut\u0101jumi par J\u016bsu personas datu izmanto\u0161anu, l\u016bdzam kontakt\u0113ties ar mums izmantojot e-pastu\u00a0<a href=\"mailto:info@percunbrauc.lv\">info@percunbrauc.lv<\/a>.<\/p>\n<p>Ja J\u016bs neesat apmierin\u0101ti ar m\u016bsu pied\u0101v\u0101tajiem risin\u0101jumiem vai m\u0113s, J\u016bsupr\u0101t, neveicam nepiecie\u0161am\u0101s darb\u012bbas, Jums ir ties\u012bbas iesniegt s\u016bdz\u012bbu uzraugo\u0161ajai instit\u016bcijai, kas Latvijas Republik\u0101 ir Datu valsts inspekcija (www.dvi.gov.lv).<\/p>\n<p>P\u0113d\u0113j\u0101s izmai\u0146as veiktas:\u00a0<strong>10.03.2023.<\/strong><\/p>\n","protected":false},"excerpt":{"rendered":"<p>M\u0113s, SIA \u201cRKG Group\u201d, r\u016bp\u0113jamies par savu Klientu datu dro\u0161\u012bbu un konfidencialit\u0101ti. L\u012bdz ar to m\u0113s izstr\u0101d\u0101j\u0101m Priv\u0101tuma politiku. Pie\u0146emam, ka gad\u012bjum\u0101, ja las\u0101t \u0161o Politiku saist\u012bb\u0101 ar piekri\u0161anu, kura ir piepras\u012bta no Jums saist\u012bb\u0101 ar J\u016bsu personas datu apstr\u0101di, pirms savu\u00a0 personu datu iesnieg\u0161anas esat izlas\u012bju\u0161i \u0161o pazi\u0146ojumu un esat akcept\u0113ju\u0161i \u0161o datu apstr\u0101di. [&hellip;]<\/p>\n","protected":false},"author":1,"featured_media":0,"parent":0,"menu_order":0,"comment_status":"closed","ping_status":"closed","template":"","meta":{"_acf_changed":false,"inline_featured_image":false,"footnotes":""},"class_list":["post-48111","page","type-page","status-publish","hentry"],"acf":[],"aioseo_notices":[],"_links":{"self":[{"href":"https:\/\/percunbrauc.lv\/ru\/wp-json\/wp\/v2\/pages\/48111","targetHints":{"allow":["GET"]}}],"collection":[{"href":"https:\/\/percunbrauc.lv\/ru\/wp-json\/wp\/v2\/pages"}],"about":[{"href":"https:\/\/percunbrauc.lv\/ru\/wp-json\/wp\/v2\/types\/page"}],"author":[{"embeddable":true,"href":"https:\/\/percunbrauc.lv\/ru\/wp-json\/wp\/v2\/users\/1"}],"replies":[{"embeddable":true,"href":"https:\/\/percunbrauc.lv\/ru\/wp-json\/wp\/v2\/comments?post=48111"}],"version-history":[{"count":22,"href":"https:\/\/percunbrauc.lv\/ru\/wp-json\/wp\/v2\/pages\/48111\/revisions"}],"predecessor-version":[{"id":119344,"href":"https:\/\/percunbrauc.lv\/ru\/wp-json\/wp\/v2\/pages\/48111\/revisions\/119344"}],"wp:attachment":[{"href":"https:\/\/percunbrauc.lv\/ru\/wp-json\/wp\/v2\/media?parent=48111"}],"curies":[{"name":"wp","href":"https:\/\/api.w.org\/{rel}","templated":true}]}}